{"id":39,"date":"2015-04-21T14:46:15","date_gmt":"2015-04-21T14:46:15","guid":{"rendered":"http:\/\/freiraum-meditation.de\/wordpress\/?page_id=39"},"modified":"2022-06-17T09:26:06","modified_gmt":"2022-06-17T09:26:06","slug":"impressum","status":"publish","type":"page","link":"https:\/\/freiraum-meditation.de\/?page_id=39","title":{"rendered":"Impressum"},"content":{"rendered":"<p>Freiraum-Meditation<\/p>\n<p>Alexandra Graetz<br \/>\nSchlesierstra\u00dfe 7<br \/>\n69221 Dossenheim<br \/>\nTelefon: +49 0170 3011639<br \/>\nE-Mail: info@freiraum-meditation.de<br \/>\nInternet: www.freiraum-meditation.de<\/p>\n<p>Inhaltlich Verantwortlicher gem\u00e4\u00df \u00a7 55 Abs. 2 RStV: Alexandra Graetz<\/p>\n<p>Haftungshinweis<br \/>\nTrotz sorgf\u00e4ltiger inhaltlicher Kontrolle \u00fcbernehmen wir keine Haftung f\u00fcr die Inhalte externer Links. F\u00fcr den Inhalt der verlinkten Seiten sind ausschlie\u00dflich deren Betreiber verantwortlich.<\/p>\n","protected":false},"excerpt":{"rendered":"<p>Freiraum-Meditation Alexandra Graetz Schlesierstra\u00dfe 7 69221 Dossenheim Telefon: +49 0170 3011639 E-Mail: info@freiraum-meditation.de Internet: www.freiraum-meditation.de Inhaltlich Verantwortlicher gem\u00e4\u00df \u00a7 55 Abs. 2 RStV: Alexandra Graetz Haftungshinweis Trotz sorgf\u00e4ltiger inhaltlicher Kontrolle \u00fcbernehmen wir keine Haftung f\u00fcr die Inhalte externer Links. F\u00fcr den Inhalt der verlinkten Seiten sind ausschlie\u00dflich deren Betreiber verantwortlich.<\/p>\n","protected":false},"author":2,"featured_media":0,"parent":0,"menu_order":0,"comment_status":"closed","ping_status":"closed","template":"","meta":{"saved_in_kubio":false,"footnotes":""},"class_list":["post-39","page","type-page","status-publish","hentry"],"kubio_ai_page_context":{"short_desc":"","purpose":"general"},"_links":{"self":[{"href":"https:\/\/freiraum-meditation.de\/index.php?rest_route=\/wp\/v2\/pages\/39","targetHints":{"allow":["GET"]}}],"collection":[{"href":"https:\/\/freiraum-meditation.de\/index.php?rest_route=\/wp\/v2\/pages"}],"about":[{"href":"https:\/\/freiraum-meditation.de\/index.php?rest_route=\/wp\/v2\/types\/page"}],"author":[{"embeddable":true,"href":"https:\/\/freiraum-meditation.de\/index.php?rest_route=\/wp\/v2\/users\/2"}],"replies":[{"embeddable":true,"href":"https:\/\/freiraum-meditation.de\/index.php?rest_route=%2Fwp%2Fv2%2Fcomments&post=39"}],"version-history":[{"count":3,"href":"https:\/\/freiraum-meditation.de\/index.php?rest_route=\/wp\/v2\/pages\/39\/revisions"}],"predecessor-version":[{"id":618,"href":"https:\/\/freiraum-meditation.de\/index.php?rest_route=\/wp\/v2\/pages\/39\/revisions\/618"}],"wp:attachment":[{"href":"https:\/\/freiraum-meditation.de\/index.php?rest_route=%2Fwp%2Fv2%2Fmedia&parent=39"}],"curies":[{"name":"wp","href":"https:\/\/api.w.org\/{rel}","templated":true}]}}