{"id":25,"date":"2015-04-21T14:44:42","date_gmt":"2015-04-21T14:44:42","guid":{"rendered":"http:\/\/freiraum-meditation.de\/wordpress\/?page_id=25"},"modified":"2023-09-01T08:09:24","modified_gmt":"2023-09-01T08:09:24","slug":"einzelstunden","status":"publish","type":"page","link":"https:\/\/freiraum-meditation.de\/?page_id=25","title":{"rendered":"Was genau ist Meditation?"},"content":{"rendered":"<p><img loading=\"lazy\" decoding=\"async\" class=\" wp-image-232 size-medium alignright\" src=\"http:\/\/freiraum-meditation.de\/wp-content\/uploads\/2015\/04\/Meditation-10-300x200.jpg\" alt=\"Meditation 10\" width=\"300\" height=\"200\" srcset=\"https:\/\/freiraum-meditation.de\/wp-content\/uploads\/2015\/04\/Meditation-10-300x200.jpg 300w, https:\/\/freiraum-meditation.de\/wp-content\/uploads\/2015\/04\/Meditation-10-1024x681.jpg 1024w, https:\/\/freiraum-meditation.de\/wp-content\/uploads\/2015\/04\/Meditation-10-938x624.jpg 938w, https:\/\/freiraum-meditation.de\/wp-content\/uploads\/2015\/04\/Meditation-10-1309x871.jpg 1309w, https:\/\/freiraum-meditation.de\/wp-content\/uploads\/2015\/04\/Meditation-10.jpg 1500w\" sizes=\"(max-width: 300px) 100vw, 300px\" \/><\/p>\n<p>Vermutlich werden Sie, je nachdem, wem Sie diese Frage stellen, sehr unterschiedliche Antworten erhalten.<\/p>\n<p>Das Wort selbst bedeutet soviel wie (nach)denken, (nach)sinnen oder \u00fcberlegen.<\/p>\n<p>In vielen Kulturen dient die Meditation zur Beruhigung und Sammlung des Geistes und einem friedvollen Umgang mit sich selbst.<\/p>\n<p>So unterschiedlich die einzelnen Meditationstechniken und Bezeichnungen auch sein m\u00f6gen, das Ziel, welches sie damit bezwecken, ist immer gleich:<\/p>\n<p><img loading=\"lazy\" decoding=\"async\" class=\"alignnone size-full wp-image-152\" src=\"http:\/\/freiraum-meditation.de\/wp-content\/uploads\/2015\/04\/Nur-Logo-50x17.png\" alt=\"Nur Logo 50x17\" width=\"50\" height=\"16\" \/> den eigenen, inneren Ruhepol finden<\/p>\n<p><img loading=\"lazy\" decoding=\"async\" class=\"alignnone size-full wp-image-152\" src=\"http:\/\/freiraum-meditation.de\/wp-content\/uploads\/2015\/04\/Nur-Logo-50x17.png\" alt=\"Nur Logo 50x17\" width=\"50\" height=\"16\" \/>\u00a0aufmerksam gegen\u00fcber sich selbst und anderen zu sein<\/p>\n<p>Bei uns finden Sie ein vielf\u00e4ltiges Kursangebot, welches f\u00fcr jeden Geschmack etwas bietet.<\/p>\n<p>Durch eine pers\u00f6nliche Betreuung k\u00f6nnen wir individuell auf jeden Kursteilnehmer eingehen und finden so f\u00fcr Sie passenden Techniken, die Ihnen in der Tiefe und praxisorientiert vermittelt werden.<\/p>\n<p>Der positive Effekt wird nicht nur f\u00fcr die Dauer des Kurses anhalten, sondern wirkt sich positiv auf den ganzen Alltag und in allen Situationen des Lebens aus.<\/p>\n<p>&nbsp;<\/p>\n<p>Wir freuen uns auf ein unverbindliches und kostenloses Gespr\u00e4ch mit Ihnen.<\/p>\n<p>Ihr Team von Freiraum-Meditation<\/p>\n<p>&nbsp;<\/p>\n<p>&nbsp;<\/p>\n","protected":false},"excerpt":{"rendered":"<p>Vermutlich werden Sie, je nachdem, wem Sie diese Frage stellen, sehr unterschiedliche Antworten erhalten. Das Wort selbst bedeutet soviel wie (nach)denken, (nach)sinnen oder \u00fcberlegen. In vielen Kulturen dient die Meditation zur Beruhigung und Sammlung des Geistes und einem friedvollen Umgang mit sich selbst. So unterschiedlich die einzelnen Meditationstechniken und Bezeichnungen auch sein m\u00f6gen, das Ziel, [&hellip;]<\/p>\n","protected":false},"author":2,"featured_media":0,"parent":0,"menu_order":0,"comment_status":"closed","ping_status":"closed","template":"","meta":{"saved_in_kubio":false,"footnotes":""},"class_list":["post-25","page","type-page","status-publish","hentry"],"kubio_ai_page_context":{"short_desc":"","purpose":"general"},"_links":{"self":[{"href":"https:\/\/freiraum-meditation.de\/index.php?rest_route=\/wp\/v2\/pages\/25","targetHints":{"allow":["GET"]}}],"collection":[{"href":"https:\/\/freiraum-meditation.de\/index.php?rest_route=\/wp\/v2\/pages"}],"about":[{"href":"https:\/\/freiraum-meditation.de\/index.php?rest_route=\/wp\/v2\/types\/page"}],"author":[{"embeddable":true,"href":"https:\/\/freiraum-meditation.de\/index.php?rest_route=\/wp\/v2\/users\/2"}],"replies":[{"embeddable":true,"href":"https:\/\/freiraum-meditation.de\/index.php?rest_route=%2Fwp%2Fv2%2Fcomments&post=25"}],"version-history":[{"count":25,"href":"https:\/\/freiraum-meditation.de\/index.php?rest_route=\/wp\/v2\/pages\/25\/revisions"}],"predecessor-version":[{"id":692,"href":"https:\/\/freiraum-meditation.de\/index.php?rest_route=\/wp\/v2\/pages\/25\/revisions\/692"}],"wp:attachment":[{"href":"https:\/\/freiraum-meditation.de\/index.php?rest_route=%2Fwp%2Fv2%2Fmedia&parent=25"}],"curies":[{"name":"wp","href":"https:\/\/api.w.org\/{rel}","templated":true}]}}